{"id":7,"date":"2016-01-29T10:13:23","date_gmt":"2016-01-29T10:13:23","guid":{"rendered":"https:\/\/the7.io\/beauty-studio\/?page_id=7"},"modified":"2020-12-29T06:04:53","modified_gmt":"2020-12-29T09:04:53","slug":"servicos","status":"publish","type":"page","link":"https:\/\/borade.biz\/003\/servicos\/","title":{"rendered":"Servi\u00e7os"},"content":{"rendered":"<p>[vc_row type=&#8221;vc_default&#8221; css=&#8221;.vc_custom_1498212582492{padding-bottom: 20px !important;}&#8221;][vc_column width=&#8221;1\/4&#8243; css=&#8221;.vc_custom_1498211177630{padding-bottom: 50px !important;}&#8221;][vc_hoverbox image=&#8221;1987&#8243; primary_title=&#8221;Projetos&#8221; hover_title=&#8221;Projetos&#8221; shape=&#8221;square&#8221; hover_btn_title=&#8221;SAIBA MAIS&#8221; hover_btn_color=&#8221;primary&#8221; hover_btn_size=&#8221;lg&#8221; hover_btn_i_align=&#8221;right&#8221; hover_btn_i_icon_fontawesome=&#8221;fas fa-angle-double-right&#8221; css_animation=&#8221;bottom-to-top&#8221; hover_add_button=&#8221;true&#8221; hover_btn_add_icon=&#8221;true&#8221; hover_btn_link=&#8221;url:http%3A%2F%2Fborade.biz%2F003%2Fservicos%2Fprojetos%2F|||&#8221;]<\/p>\n<p style=\"text-align: center;\">Planejamos os locais adequados e calculamos a carga t\u00e9rmica necess\u00e1ria de cada ambiente para o bom funcionamento do sistema.<\/p>\n<p>\u00a0[\/vc_hoverbox][\/vc_column][vc_column width=&#8221;1\/4&#8243; css=&#8221;.vc_custom_1498211173058{padding-bottom: 50px !important;}&#8221;][vc_hoverbox image=&#8221;1909&#8243; primary_title=&#8221;Instala\u00e7\u00e3o&#8221; hover_title=&#8221;Instala\u00e7\u00e3o&#8221; shape=&#8221;square&#8221; hover_btn_title=&#8221;SAIBA MAIS&#8221; hover_btn_color=&#8221;primary&#8221; hover_btn_size=&#8221;lg&#8221; hover_btn_i_align=&#8221;right&#8221; hover_btn_i_icon_fontawesome=&#8221;fa fa-angle-double-right&#8221; hover_btn_css_animation=&#8221;bottom-to-top&#8221; css_animation=&#8221;bottom-to-top&#8221; hover_add_button=&#8221;true&#8221; hover_btn_add_icon=&#8221;true&#8221; hover_btn_link=&#8221;url:http%3A%2F%2Fborade.biz%2F003%2Fservicos%2Finstalacao%2F|||&#8221;]<\/p>\n<p style=\"text-align: center;\">Trabalhamos com todos os tipos de sistemas de ar condicionado: desde o Split High Wall, o Multi Split, o Split Piso e Teto, o Split Cassete, etc.<\/p>\n<p>\u00a0[\/vc_hoverbox][\/vc_column][vc_column width=&#8221;1\/4&#8243;][vc_hoverbox image=&#8221;1910&#8243; primary_title=&#8221;Manuten\u00e7\u00e3o&#8221; hover_title=&#8221;Manuten\u00e7\u00e3o&#8221; shape=&#8221;square&#8221; hover_btn_title=&#8221;SAIBA MAIS&#8221; hover_btn_color=&#8221;primary&#8221; hover_btn_size=&#8221;lg&#8221; hover_btn_i_align=&#8221;right&#8221; hover_btn_i_icon_fontawesome=&#8221;fa fa-angle-double-right&#8221; hover_btn_css_animation=&#8221;bottom-to-top&#8221; css_animation=&#8221;bottom-to-top&#8221; hover_add_button=&#8221;true&#8221; hover_btn_add_icon=&#8221;true&#8221; hover_btn_link=&#8221;url:http%3A%2F%2Fborade.biz%2F003%2Fservicos%2Fmanutencao%2F|||&#8221;]<\/p>\n<p style=\"text-align: center;\">Trabalhamos com todos os tipos de sistemas de ar condicionado: desde o Split High Wall, o Multi Split, o Split Piso e Teto, o Split Cassete, etc.<\/p>\n<p>\u00a0[\/vc_hoverbox][\/vc_column][vc_column width=&#8221;1\/4&#8243;][vc_hoverbox image=&#8221;1911&#8243; primary_title=&#8221;Limpeza&#8221; hover_title=&#8221;Limpeza&#8221; shape=&#8221;square&#8221; hover_btn_title=&#8221;SAIBA MAIS&#8221; hover_btn_color=&#8221;primary&#8221; hover_btn_size=&#8221;lg&#8221; hover_btn_i_align=&#8221;right&#8221; hover_btn_i_icon_fontawesome=&#8221;fa fa-angle-double-right&#8221; hover_btn_css_animation=&#8221;bottom-to-top&#8221; css_animation=&#8221;bottom-to-top&#8221; hover_add_button=&#8221;true&#8221; hover_btn_add_icon=&#8221;true&#8221; hover_btn_link=&#8221;url:http%3A%2F%2Fborade.biz%2F003%2Fservicos%2Flimpeza%2F|||&#8221;]<\/p>\n<p style=\"text-align: center;\">Trabalhamos com todos os tipos de sistemas de ar condicionado: desde o Split High Wall, o Multi Split, o Split Piso e Teto, o Split Cassete, etc.<\/p>\n<p>\u00a0[\/vc_hoverbox][\/vc_column][\/vc_row][vc_row type=&#8221;vc_default&#8221; bg_type=&#8221;bg_color&#8221; bg_override=&#8221;ex-full&#8221; css=&#8221;.vc_custom_1498212491956{padding-top: 60px !important;padding-bottom: 70px !important;}&#8221; bg_color_value=&#8221;#f5f5f5&#8243;][vc_column]<div id=\"ultimate-heading-888369f6133a1f75b\" class=\"uvc-heading ult-adjust-bottom-margin ultimate-heading-888369f6133a1f75b uvc-5518 color-title accent-title-color\" data-hspacer=\"no_spacer\"  data-halign=\"center\" style=\"text-align:center\"><div class=\"uvc-heading-spacer no_spacer\" style=\"top\"><\/div><div class=\"uvc-main-heading ult-responsive\"  data-ultimate-target='.uvc-heading.ultimate-heading-888369f6133a1f75b h2'  data-responsive-json-new='{\"font-size\":\"desktop:40px;tablet_portrait:20px;\",\"line-height\":\"desktop:46px;tablet_portrait:26px;\"}' ><h2 style=\"font-family:&#039;Open Sans Condensed&#039;;font-weight:700;margin-bottom:10px;\">Do planejamento \u00e0 manuten\u00e7\u00e3o<\/h2><\/div><div class=\"uvc-sub-heading ult-responsive\"  data-ultimate-target='.uvc-heading.ultimate-heading-888369f6133a1f75b .uvc-sub-heading '  data-responsive-json-new='{\"font-size\":\"desktop:70px;tablet_portrait:40px;\",\"line-height\":\"desktop:76px;tablet_portrait:46px;\"}'  style=\"font-family:&#039;Open Sans Condensed&#039;;font-weight:700;\">CONTE COM A POLAR<\/div><\/div><style type=\"text\/css\" data-type=\"the7_shortcodes-inline-css\">#default-btn-481cafbe16408fa18ed692c3175f5742.ico-right-side > i {\n  margin-right: 0px;\n  margin-left: 8px;\n}\n#default-btn-481cafbe16408fa18ed692c3175f5742 > i {\n  margin-right: 8px;\n}\n<\/style><div class=\"btn-align-center\"><a href=\"http:\/\/borade.biz\/003\/contato\/\" class=\"default-btn-shortcode dt-btn dt-btn-l link-hover-off  vc_custom_1566444312571\" id=\"default-btn-481cafbe16408fa18ed692c3175f5742\" style=\"width:400px;\" title=\"Contato\"><span>FALE CONOSCO<\/span><\/a><\/div>[\/vc_column][\/vc_row]<\/p>\n","protected":false},"excerpt":{"rendered":"<p>[vc_row type=&#8221;vc_default&#8221; css=&#8221;.vc_custom_1498212582492{padding-bottom: 20px !important;}&#8221;][vc_column width=&#8221;1\/4&#8243; css=&#8221;.vc_custom_1498211177630{padding-bottom: 50px !important;}&#8221;][vc_hoverbox image=&#8221;1987&#8243; primary_title=&#8221;Projetos&#8221; hover_title=&#8221;Projetos&#8221; shape=&#8221;square&#8221; hover_btn_title=&#8221;SAIBA MAIS&#8221; hover_btn_color=&#8221;primary&#8221; hover_btn_size=&#8221;lg&#8221; hover_btn_i_align=&#8221;right&#8221; hover_btn_i_icon_fontawesome=&#8221;fas fa-angle-double-right&#8221; css_animation=&#8221;bottom-to-top&#8221; hover_add_button=&#8221;true&#8221; hover_btn_add_icon=&#8221;true&#8221; hover_btn_link=&#8221;url:http%3A%2F%2Fborade.biz%2F003%2Fservicos%2Fprojetos%2F|||&#8221;] Planejamos os locais adequados e calculamos a carga t\u00e9rmica necess\u00e1ria de cada ambiente para o bom funcionamento do sistema. \u00a0[\/vc_hoverbox][\/vc_column][vc_column width=&#8221;1\/4&#8243; css=&#8221;.vc_custom_1498211173058{padding-bottom: 50px !important;}&#8221;][vc_hoverbox image=&#8221;1909&#8243; primary_title=&#8221;Instala\u00e7\u00e3o&#8221; hover_title=&#8221;Instala\u00e7\u00e3o&#8221; shape=&#8221;square&#8221; hover_btn_title=&#8221;SAIBA MAIS&#8221; hover_btn_color=&#8221;primary&#8221;&hellip;<\/p>\n","protected":false},"author":3,"featured_media":0,"parent":0,"menu_order":300,"comment_status":"closed","ping_status":"closed","template":"","meta":{"footnotes":""},"class_list":["post-7","page","type-page","status-publish","hentry","description-off"],"_links":{"self":[{"href":"https:\/\/borade.biz\/003\/wp-json\/wp\/v2\/pages\/7","targetHints":{"allow":["GET"]}}],"collection":[{"href":"https:\/\/borade.biz\/003\/wp-json\/wp\/v2\/pages"}],"about":[{"href":"https:\/\/borade.biz\/003\/wp-json\/wp\/v2\/types\/page"}],"author":[{"embeddable":true,"href":"https:\/\/borade.biz\/003\/wp-json\/wp\/v2\/users\/3"}],"replies":[{"embeddable":true,"href":"https:\/\/borade.biz\/003\/wp-json\/wp\/v2\/comments?post=7"}],"version-history":[{"count":4,"href":"https:\/\/borade.biz\/003\/wp-json\/wp\/v2\/pages\/7\/revisions"}],"predecessor-version":[{"id":2025,"href":"https:\/\/borade.biz\/003\/wp-json\/wp\/v2\/pages\/7\/revisions\/2025"}],"wp:attachment":[{"href":"https:\/\/borade.biz\/003\/wp-json\/wp\/v2\/media?parent=7"}],"curies":[{"name":"wp","href":"https:\/\/api.w.org\/{rel}","templated":true}]}}