{"id":408,"date":"2016-01-30T21:56:24","date_gmt":"2016-01-30T21:56:24","guid":{"rendered":"https:\/\/the7.io\/beauty-studio\/?page_id=408"},"modified":"2020-12-29T04:37:34","modified_gmt":"2020-12-29T07:37:34","slug":"projetos","status":"publish","type":"page","link":"https:\/\/borade.biz\/003\/servicos\/projetos\/","title":{"rendered":"Projetos"},"content":{"rendered":"<p>[vc_row type=&#8221;vc_default&#8221;][vc_column width=&#8221;2\/3&#8243; css=&#8221;.vc_custom_1498229431694{padding-bottom: 50px !important;}&#8221;]<div id=\"ultimate-heading-633769f61281be1c2\" class=\"uvc-heading ult-adjust-bottom-margin ultimate-heading-633769f61281be1c2 uvc-9488 \" data-hspacer=\"no_spacer\"  data-halign=\"left\" style=\"text-align:left\"><div class=\"uvc-heading-spacer no_spacer\" style=\"top\"><\/div><div class=\"uvc-main-heading ult-responsive\"  data-ultimate-target='.uvc-heading.ultimate-heading-633769f61281be1c2 h2'  data-responsive-json-new='{\"font-size\":\"desktop:26px;\",\"line-height\":\"desktop:32px;\"}' ><h2 style=\"font-weight:bold;margin-bottom:20px;\">Projetos de sistemas de ar condicionado<\/h2><\/div><\/div>[vc_column_text]A instala\u00e7\u00e3o de um sistema de ar condicionado come\u00e7a com o projeto. Por isso, na POLAR REFRIGERA\u00c7\u00c3O, seu projeto de ar condicionado \u00e9 realizado por profissionais com ampla experi\u00eancia em climatiza\u00e7\u00e3o de ambientes.<\/p>\n<p>Um projeto de instala\u00e7\u00e3o de ar condicionado serve para diferentes ambientes, tanto comerciais como dom\u00e9sticos, pois agrega praticidade e comodidade para todos os presentes. Ele \u00e9 feito com exclusividade para o local solicitado, incluindo as necessidades dos clientes, ou seja, cada tipo de projeto recebe as suas exclusivas caracter\u00edsticas e particularidades.<\/p>\n<p>\u00c9 atrav\u00e9s do projeto de instala\u00e7\u00e3o do sistema de refrigera\u00e7\u00e3o que \u00e9 definido o local mais adequado para o melhor funcionamento dos aparelhos de ar condicionado. Tamb\u00e9m \u00e9 com o projeto que se realiza o c\u00e1lculo da carga t\u00e9rmica necess\u00e1ria para cada ambiente.[\/vc_column_text][\/vc_column][vc_column width=&#8221;1\/3&#8243;][vc_empty_space][vc_single_image image=&#8221;1987&#8243; img_size=&#8221;full&#8221;][\/vc_column][\/vc_row]<\/p>\n","protected":false},"excerpt":{"rendered":"<p>[vc_row type=&#8221;vc_default&#8221;][vc_column width=&#8221;2\/3&#8243; css=&#8221;.vc_custom_1498229431694{padding-bottom: 50px !important;}&#8221;][vc_column_text]A instala\u00e7\u00e3o de um sistema de ar condicionado come\u00e7a com o projeto. Por isso, na POLAR REFRIGERA\u00c7\u00c3O, seu projeto de ar condicionado \u00e9 realizado por profissionais com ampla experi\u00eancia em climatiza\u00e7\u00e3o de ambientes. Um projeto de instala\u00e7\u00e3o de ar condicionado serve para diferentes ambientes, tanto comerciais como dom\u00e9sticos, pois agrega&hellip;<\/p>\n","protected":false},"author":3,"featured_media":0,"parent":7,"menu_order":100,"comment_status":"closed","ping_status":"closed","template":"","meta":{"footnotes":""},"class_list":["post-408","page","type-page","status-publish","hentry","description-off"],"_links":{"self":[{"href":"https:\/\/borade.biz\/003\/wp-json\/wp\/v2\/pages\/408","targetHints":{"allow":["GET"]}}],"collection":[{"href":"https:\/\/borade.biz\/003\/wp-json\/wp\/v2\/pages"}],"about":[{"href":"https:\/\/borade.biz\/003\/wp-json\/wp\/v2\/types\/page"}],"author":[{"embeddable":true,"href":"https:\/\/borade.biz\/003\/wp-json\/wp\/v2\/users\/3"}],"replies":[{"embeddable":true,"href":"https:\/\/borade.biz\/003\/wp-json\/wp\/v2\/comments?post=408"}],"version-history":[{"count":0,"href":"https:\/\/borade.biz\/003\/wp-json\/wp\/v2\/pages\/408\/revisions"}],"up":[{"embeddable":true,"href":"https:\/\/borade.biz\/003\/wp-json\/wp\/v2\/pages\/7"}],"wp:attachment":[{"href":"https:\/\/borade.biz\/003\/wp-json\/wp\/v2\/media?parent=408"}],"curies":[{"name":"wp","href":"https:\/\/api.w.org\/{rel}","templated":true}]}}