{"id":1869,"date":"2019-08-21T22:41:39","date_gmt":"2019-08-21T22:41:39","guid":{"rendered":"http:\/\/borade.biz\/003\/?page_id=1869"},"modified":"2020-12-29T04:41:06","modified_gmt":"2020-12-29T07:41:06","slug":"limpeza","status":"publish","type":"page","link":"https:\/\/borade.biz\/003\/servicos\/limpeza\/","title":{"rendered":"Limpeza"},"content":{"rendered":"<p>[vc_row type=&#8221;vc_default&#8221;][vc_column css=&#8221;.vc_custom_1498229431694{padding-bottom: 50px !important;}&#8221;]<div id=\"ultimate-heading-186369f610ff437a8\" class=\"uvc-heading ult-adjust-bottom-margin ultimate-heading-186369f610ff437a8 uvc-7191 \" data-hspacer=\"no_spacer\"  data-halign=\"left\" style=\"text-align:left\"><div class=\"uvc-heading-spacer no_spacer\" style=\"top\"><\/div><div class=\"uvc-main-heading ult-responsive\"  data-ultimate-target='.uvc-heading.ultimate-heading-186369f610ff437a8 h2'  data-responsive-json-new='{\"font-size\":\"desktop:26px;\",\"line-height\":\"desktop:32px;\"}' ><h2 style=\"font-weight:bold;margin-bottom:20px;\">Limpeza de sistemas de ar condicionado<\/h2><\/div><\/div>[vc_column_text]Realizamos a limpeza completa do ar condicionado no local ou retiramos para executar o trabalho na empresa. Entregamos e reinstalamos fazendo o m\u00e1ximo para n\u00e3o atrapalhar a rotina do ambiente.[\/vc_column_text]<div id=\"ultimate-heading-165169f610ff437da\" class=\"uvc-heading ult-adjust-bottom-margin ultimate-heading-165169f610ff437da uvc-5157 \" data-hspacer=\"no_spacer\"  data-halign=\"left\" style=\"text-align:left\"><div class=\"uvc-heading-spacer no_spacer\" style=\"top\"><\/div><div class=\"uvc-main-heading ult-responsive\"  data-ultimate-target='.uvc-heading.ultimate-heading-165169f610ff437da h3'  data-responsive-json-new='{\"font-size\":\"desktop:22px;\",\"line-height\":\"desktop:32px;\"}' ><h3 style=\"font-weight:bold;margin-top:16px;margin-bottom:6px;\">Lavagem Qu\u00edmica<\/h3><\/div><\/div>[vc_column_text]Lavagem qu\u00edmica \u00e9 a limpeza completa do ar-condicionado. Nela, o aparelho \u00e9 totalmente desmontado e, por isso, s\u00f3 deve ser feita por um t\u00e9cnico profissional e autorizado.<\/p>\n<p>Nessa manuten\u00e7\u00e3o, o aparelho \u00e9 completamente higienizado com produtos espec\u00edficos para sua limpeza e \u00e9 feita a conferencia de todos os componentes do equipamento, o que garante sua durabilidade.<\/p>\n<p>Esse tipo de manuten\u00e7\u00e3o tamb\u00e9m deve ser feita regularmente, anualmente no caso de resid\u00eancias e outros ambientes com pouco uso, ou a cada seis meses no caso de escrit\u00f3rios e outros ambientes que utilizem o aparelho com frequ\u00eancia.[\/vc_column_text]<div id=\"ultimate-heading-80169f610ff437f8\" class=\"uvc-heading ult-adjust-bottom-margin ultimate-heading-80169f610ff437f8 uvc-8731 \" data-hspacer=\"no_spacer\"  data-halign=\"left\" style=\"text-align:left\"><div class=\"uvc-heading-spacer no_spacer\" style=\"top\"><\/div><div class=\"uvc-main-heading ult-responsive\"  data-ultimate-target='.uvc-heading.ultimate-heading-80169f610ff437f8 h4'  data-responsive-json-new='{\"font-size\":\"desktop:18px;\",\"line-height\":\"desktop:32px;\"}' ><h4 style=\"font-weight:bold;margin-top:14px;margin-bottom:6px;\">Servi\u00e7os realizados na Lavagem qu\u00edmica<\/h4><\/div><\/div><div class=\"standard-arrow list-divider bullet-top\"><ul>\n<li>Conferir a tens\u00e3o da rede el\u00e9trica: 127 V ou 220 V;<\/li>\n<li>Limpeza ou substitui\u00e7\u00e3o dos filtros;<\/li>\n<li>Limpeza dos gabinetes, grelhas e do corpo do equipamento;<\/li>\n<li>Higieniza\u00e7\u00e3o das serpentinas, da tubula\u00e7\u00e3o met\u00e1lica e de PVC, para evitar a prolifera\u00e7\u00e3o de mofo, fungos, bact\u00e9rias e demais micro-organismos;<\/li>\n<li>Conferir todas as conex\u00f5es, fazendo o reaperto de parafusos, porcas e flanges;<\/li>\n<li>Conferir a fixa\u00e7\u00e3o dos suportes;<\/li>\n<li>Verificar a espuma de isolamento t\u00e9rmico da tubula\u00e7\u00e3o;<\/li>\n<li>Conferir o g\u00e1s refrigerante.<\/li>\n<\/ul>\n<\/div>[\/vc_column][\/vc_row]<\/p>\n","protected":false},"excerpt":{"rendered":"<p>[vc_row type=&#8221;vc_default&#8221;][vc_column css=&#8221;.vc_custom_1498229431694{padding-bottom: 50px !important;}&#8221;][vc_column_text]Realizamos a limpeza completa do ar condicionado no local ou retiramos para executar o trabalho na empresa. Entregamos e reinstalamos fazendo o m\u00e1ximo para n\u00e3o atrapalhar a rotina do ambiente.[\/vc_column_text][vc_column_text]Lavagem qu\u00edmica \u00e9 a limpeza completa do ar-condicionado. Nela, o aparelho \u00e9 totalmente desmontado e, por isso, s\u00f3 deve ser feita por&hellip;<\/p>\n","protected":false},"author":3,"featured_media":0,"parent":7,"menu_order":100,"comment_status":"closed","ping_status":"closed","template":"","meta":{"footnotes":""},"class_list":["post-1869","page","type-page","status-publish","hentry","description-off"],"_links":{"self":[{"href":"https:\/\/borade.biz\/003\/wp-json\/wp\/v2\/pages\/1869","targetHints":{"allow":["GET"]}}],"collection":[{"href":"https:\/\/borade.biz\/003\/wp-json\/wp\/v2\/pages"}],"about":[{"href":"https:\/\/borade.biz\/003\/wp-json\/wp\/v2\/types\/page"}],"author":[{"embeddable":true,"href":"https:\/\/borade.biz\/003\/wp-json\/wp\/v2\/users\/3"}],"replies":[{"embeddable":true,"href":"https:\/\/borade.biz\/003\/wp-json\/wp\/v2\/comments?post=1869"}],"version-history":[{"count":0,"href":"https:\/\/borade.biz\/003\/wp-json\/wp\/v2\/pages\/1869\/revisions"}],"up":[{"embeddable":true,"href":"https:\/\/borade.biz\/003\/wp-json\/wp\/v2\/pages\/7"}],"wp:attachment":[{"href":"https:\/\/borade.biz\/003\/wp-json\/wp\/v2\/media?parent=1869"}],"curies":[{"name":"wp","href":"https:\/\/api.w.org\/{rel}","templated":true}]}}