{"id":1867,"date":"2019-08-21T22:41:10","date_gmt":"2019-08-21T22:41:10","guid":{"rendered":"http:\/\/borade.biz\/003\/?page_id=1867"},"modified":"2020-12-29T04:40:43","modified_gmt":"2020-12-29T07:40:43","slug":"manutencao","status":"publish","type":"page","link":"https:\/\/borade.biz\/003\/servicos\/manutencao\/","title":{"rendered":"Manuten\u00e7\u00e3o"},"content":{"rendered":"<p>[vc_row type=&#8221;vc_default&#8221;][vc_column css=&#8221;.vc_custom_1498229431694{padding-bottom: 50px !important;}&#8221;]<div id=\"ultimate-heading-564769f614a2699d8\" class=\"uvc-heading ult-adjust-bottom-margin ultimate-heading-564769f614a2699d8 uvc-8144 \" data-hspacer=\"no_spacer\"  data-halign=\"left\" style=\"text-align:left\"><div class=\"uvc-heading-spacer no_spacer\" style=\"top\"><\/div><div class=\"uvc-main-heading ult-responsive\"  data-ultimate-target='.uvc-heading.ultimate-heading-564769f614a2699d8 h2'  data-responsive-json-new='{\"font-size\":\"desktop:26px;\",\"line-height\":\"desktop:32px;\"}' ><h2 style=\"font-weight:bold;margin-bottom:20px;\">Manuten\u00e7\u00e3o de sistemas de ar condicionado<\/h2><\/div><\/div>[vc_column_text]Defini\u00e7\u00e3o de locais adequados para o melhor funcionamento dos aparelhos de ar condicionado e c\u00e1lculo da carga t\u00e9rmica necess\u00e1ria para cada ambiente.[\/vc_column_text]<div id=\"ultimate-heading-281269f614a269a11\" class=\"uvc-heading ult-adjust-bottom-margin ultimate-heading-281269f614a269a11 uvc-9750 \" data-hspacer=\"no_spacer\"  data-halign=\"left\" style=\"text-align:left\"><div class=\"uvc-heading-spacer no_spacer\" style=\"top\"><\/div><div class=\"uvc-main-heading ult-responsive\"  data-ultimate-target='.uvc-heading.ultimate-heading-281269f614a269a11 h3'  data-responsive-json-new='{\"font-size\":\"desktop:22px;\",\"line-height\":\"desktop:32px;\"}' ><h3 style=\"font-weight:bold;margin-top:16px;margin-bottom:6px;\">Manuten\u00e7\u00e3o preventiva<\/h3><\/div><\/div>[vc_column_text]A manuten\u00e7\u00e3o preventiva de equipamentos de refrigera\u00e7\u00e3o precisa ser feita por t\u00e9cnicos especializados para garantir a melhor qualidade do ar e um \u00f3timo rendimento de climatiza\u00e7\u00e3o.<\/p>\n<p>Manter os filtros sempre limpos e o equipamento de acordo com as normas de funcionamento dos fabricantes, garante maior vida \u00fatil aos equipamentos.<\/p>\n<p>Al\u00e9m disso, a manuten\u00e7\u00e3o precisa ser feita em intervalos predeterminados para prevenir a possibilidade de falhas no sistema de refrigera\u00e7\u00e3o ou a degenera\u00e7\u00e3o do funcionamento de um equipamento e\/ou sistema.<\/p>\n<p>Essa higieniza\u00e7\u00e3o \u00e9 muito importante e deve ser feita preferencialmente uma vez por m\u00eas em resid\u00eancias ou a cada 7-15 dias em ambientes com muita poeira ou grande fluxo de pessoas, como escrit\u00f3rios e com\u00e9rcio.[\/vc_column_text]<div id=\"ultimate-heading-391569f614a269a34\" class=\"uvc-heading ult-adjust-bottom-margin ultimate-heading-391569f614a269a34 uvc-2317 \" data-hspacer=\"no_spacer\"  data-halign=\"left\" style=\"text-align:left\"><div class=\"uvc-heading-spacer no_spacer\" style=\"top\"><\/div><div class=\"uvc-main-heading ult-responsive\"  data-ultimate-target='.uvc-heading.ultimate-heading-391569f614a269a34 h4'  data-responsive-json-new='{\"font-size\":\"desktop:18px;\",\"line-height\":\"desktop:32px;\"}' ><h4 style=\"font-weight:bold;margin-top:14px;margin-bottom:6px;\">Vantagens da manuten\u00e7\u00e3o preventiva<\/h4><\/div><\/div><div class=\"standard-arrow list-divider bullet-top\"><ul>\n<li>Redu\u00e7\u00e3o de modo efetivo dos custos com energia el\u00e9trica;<\/li>\n<li>Aumento de prote\u00e7\u00e3o contra quedas de tens\u00e3o;<\/li>\n<li>Obten\u00e7\u00e3o de ar puro, livre de bact\u00e9rias respons\u00e1veis por doen\u00e7as respirat\u00f3rias;<\/li>\n<li>Preven\u00e7\u00e3o e redu\u00e7\u00e3o de doen\u00e7as respirat\u00f3rias;<\/li>\n<li>Redu\u00e7\u00e3o de gastos com troca de pe\u00e7as, panes e quebras de aparelho, evitando interven\u00e7\u00f5es corretivas;<\/li>\n<li>Aumento do rendimento do equipamento de ar condicionado;<\/li>\n<li>Manuten\u00e7\u00e3o da prote\u00e7\u00e3o contra corros\u00e3o;<\/li>\n<li>Prolongamento da vida \u00fatil do equipamento e seus componentes, como o compressor.<\/li>\n<\/ul>\n<\/div><div id=\"ultimate-heading-179669f614a269ae7\" class=\"uvc-heading ult-adjust-bottom-margin ultimate-heading-179669f614a269ae7 uvc-7220 \" data-hspacer=\"no_spacer\"  data-halign=\"left\" style=\"text-align:left\"><div class=\"uvc-heading-spacer no_spacer\" style=\"top\"><\/div><div class=\"uvc-main-heading ult-responsive\"  data-ultimate-target='.uvc-heading.ultimate-heading-179669f614a269ae7 h3'  data-responsive-json-new='{\"font-size\":\"desktop:22px;\",\"line-height\":\"desktop:32px;\"}' ><h3 style=\"font-weight:bold;margin-top:16px;margin-bottom:6px;\">Plano PMOC<\/h3><\/div><\/div>[vc_column_text]Plano de Manuten\u00e7\u00e3o, Opera\u00e7\u00e3o e Controle. O PMOC visa garantir a qualidade do ambiente comum, preservando a sa\u00fade das pessoas.<\/p>\n<p>Todos os edif\u00edcios de uso p\u00fablico e coletivo ser\u00e3o obrigados a fazer a manuten\u00e7\u00e3o peri\u00f3dica de seus sistemas de ar condicionado. \u00c9 o que determina a <a href=\"http:\/\/www.planalto.gov.br\/ccivil_03\/_ato2015-2018\/2018\/Lei\/L13589.htm\" target=\"_blank\" rel=\"noopener noreferrer\">Lei 13.589\/2018<\/a>, sancionada em 4 de janeiro de 2018, em vigor para novas instala\u00e7\u00f5es de ar condicionado.<\/p>\n<p>Para sistemas j\u00e1 instalados, o prazo para cumprimento dos requisitos \u00e9 de 180 dias depois da regulamenta\u00e7\u00e3o da lei. Assim, os edif\u00edcios j\u00e1 devem implantar o PMOC \u2013 Plano de Manuten\u00e7\u00e3o, Opera\u00e7\u00e3o e Controle, com o objetivo de prevenir ou minimizar riscos \u00e0 sa\u00fade dos ocupantes e garantir a boa qualidade do ar interior, considerando padr\u00f5es de temperatura, umidade, velocidade, taxa de renova\u00e7\u00e3o e grau de pureza.<\/p>\n<p>O PMOC dever\u00e1 obedecer aos par\u00e2metros regulamentados pela <a href=\"http:\/\/portal.anvisa.gov.br\/documents\/10181\/2718376\/RE_09_2003_1.pdf\/629ee4fe-177e-4a78-8709-533f78742798?version=1.0\" target=\"_blank\" rel=\"noopener noreferrer\">RE 9\/2003 da Anvisa<\/a> \u2013 Ag\u00eancia Nacional de Vigil\u00e2ncia Sanit\u00e1ria, assim como \u00e0s normas da ABNT \u2013 Associa\u00e7\u00e3o Brasileira de Normas T\u00e9cnicas. A lei ser\u00e1 aplicada a todos os edif\u00edcios, mas os ambientes climatizados de uso restrito, como laborat\u00f3rios e hospitais, dever\u00e3o obedecer regulamentos espec\u00edficos.[\/vc_column_text][\/vc_column][\/vc_row]<\/p>\n","protected":false},"excerpt":{"rendered":"<p>[vc_row type=&#8221;vc_default&#8221;][vc_column css=&#8221;.vc_custom_1498229431694{padding-bottom: 50px !important;}&#8221;][vc_column_text]Defini\u00e7\u00e3o de locais adequados para o melhor funcionamento dos aparelhos de ar condicionado e c\u00e1lculo da carga t\u00e9rmica necess\u00e1ria para cada ambiente.[\/vc_column_text][vc_column_text]A manuten\u00e7\u00e3o preventiva de equipamentos de refrigera\u00e7\u00e3o precisa ser feita por t\u00e9cnicos especializados para garantir a melhor qualidade do ar e um \u00f3timo rendimento de climatiza\u00e7\u00e3o. Manter os filtros sempre&hellip;<\/p>\n","protected":false},"author":3,"featured_media":0,"parent":7,"menu_order":100,"comment_status":"closed","ping_status":"closed","template":"","meta":{"footnotes":""},"class_list":["post-1867","page","type-page","status-publish","hentry","description-off"],"_links":{"self":[{"href":"https:\/\/borade.biz\/003\/wp-json\/wp\/v2\/pages\/1867","targetHints":{"allow":["GET"]}}],"collection":[{"href":"https:\/\/borade.biz\/003\/wp-json\/wp\/v2\/pages"}],"about":[{"href":"https:\/\/borade.biz\/003\/wp-json\/wp\/v2\/types\/page"}],"author":[{"embeddable":true,"href":"https:\/\/borade.biz\/003\/wp-json\/wp\/v2\/users\/3"}],"replies":[{"embeddable":true,"href":"https:\/\/borade.biz\/003\/wp-json\/wp\/v2\/comments?post=1867"}],"version-history":[{"count":0,"href":"https:\/\/borade.biz\/003\/wp-json\/wp\/v2\/pages\/1867\/revisions"}],"up":[{"embeddable":true,"href":"https:\/\/borade.biz\/003\/wp-json\/wp\/v2\/pages\/7"}],"wp:attachment":[{"href":"https:\/\/borade.biz\/003\/wp-json\/wp\/v2\/media?parent=1867"}],"curies":[{"name":"wp","href":"https:\/\/api.w.org\/{rel}","templated":true}]}}