{"id":1865,"date":"2019-08-21T22:40:42","date_gmt":"2019-08-21T22:40:42","guid":{"rendered":"http:\/\/borade.biz\/003\/?page_id=1865"},"modified":"2020-12-29T04:38:42","modified_gmt":"2020-12-29T07:38:42","slug":"instalacao","status":"publish","type":"page","link":"https:\/\/borade.biz\/003\/servicos\/instalacao\/","title":{"rendered":"Instala\u00e7\u00e3o"},"content":{"rendered":"<p>[vc_row type=&#8221;vc_default&#8221;][vc_column css=&#8221;.vc_custom_1498229431694{padding-bottom: 50px !important;}&#8221;]<div id=\"ultimate-heading-737269f613d75f5fb\" class=\"uvc-heading ult-adjust-bottom-margin ultimate-heading-737269f613d75f5fb uvc-1134 \" data-hspacer=\"no_spacer\"  data-halign=\"left\" style=\"text-align:left\"><div class=\"uvc-heading-spacer no_spacer\" style=\"top\"><\/div><div class=\"uvc-main-heading ult-responsive\"  data-ultimate-target='.uvc-heading.ultimate-heading-737269f613d75f5fb h2'  data-responsive-json-new='{\"font-size\":\"desktop:26px;\",\"line-height\":\"desktop:32px;\"}' ><h2 style=\"font-weight:bold;margin-bottom:20px;\">Instala\u00e7\u00e3o de sistemas de ar condicionado<\/h2><\/div><\/div>[vc_column_text]Contamos com uma equipe capacitada e experiente para realizar a instala\u00e7\u00e3o de qualquer modelo de ar condicionado: dos residenciais aos grandes aparelhos industriais.[\/vc_column_text]<div id=\"ultimate-heading-190169f613d75f631\" class=\"uvc-heading ult-adjust-bottom-margin ultimate-heading-190169f613d75f631 uvc-4174 \" data-hspacer=\"no_spacer\"  data-halign=\"left\" style=\"text-align:left\"><div class=\"uvc-heading-spacer no_spacer\" style=\"top\"><\/div><div class=\"uvc-main-heading ult-responsive\"  data-ultimate-target='.uvc-heading.ultimate-heading-190169f613d75f631 h3'  data-responsive-json-new='{\"font-size\":\"desktop:22px;\",\"line-height\":\"desktop:32px;\"}' ><h3 style=\"font-weight:bold;margin-top:16px;margin-bottom:6px;\">SPLIT HI WALL<\/h3><\/div><\/div>[vc_column_text]Tamb\u00e9m conhecido somente como split, esse aparelho permite a instala\u00e7\u00e3o diretamente na parede, garantindo uma boa distribui\u00e7\u00e3o do ar em conjunto com uma melhor apar\u00eancia.<\/p>\n<p>Possuem diversas capacidades de refrigera\u00e7\u00e3o, as encontradas mais facilmente s\u00e3o: 7000 BTUs, 9000 BTUs,12000 BTUs, 18000 BTUs at\u00e9 30000 BTUs.<\/p>\n<p>A grande novidade e diferencial entre os Splits Hi Wall, \u00e9 a\u00a0tecnologia inverter. Os aparelhos de ar-condicionado Split Hi Wall Inverter podem ser at\u00e9\u00a0<strong>60% mais econ\u00f4micos que o Hi Wall convencional<\/strong>, embora tenham o custo mais elevado.[\/vc_column_text]<div id=\"ultimate-heading-13269f613d75f650\" class=\"uvc-heading ult-adjust-bottom-margin ultimate-heading-13269f613d75f650 uvc-9386 \" data-hspacer=\"no_spacer\"  data-halign=\"left\" style=\"text-align:left\"><div class=\"uvc-heading-spacer no_spacer\" style=\"top\"><\/div><div class=\"uvc-main-heading ult-responsive\"  data-ultimate-target='.uvc-heading.ultimate-heading-13269f613d75f650 h3'  data-responsive-json-new='{\"font-size\":\"desktop:22px;\",\"line-height\":\"desktop:32px;\"}' ><h3 style=\"font-weight:bold;margin-top:16px;margin-bottom:6px;\">MULTI SPLIT<\/h3><\/div><\/div>[vc_column_text]Praticamente igual ao hi-wall, o multi split se diferencia por conter mais evaporadoras em um mesmo condensador, permitindo a refrigera\u00e7\u00e3o de diversos ambientes ao mesmo tempo. Seu ponto fraco est\u00e1 no alto consumo de energia, o que consequentemente gera maiores gastos.[\/vc_column_text]<div id=\"ultimate-heading-968069f613d75f66d\" class=\"uvc-heading ult-adjust-bottom-margin ultimate-heading-968069f613d75f66d uvc-9738 \" data-hspacer=\"no_spacer\"  data-halign=\"left\" style=\"text-align:left\"><div class=\"uvc-heading-spacer no_spacer\" style=\"top\"><\/div><div class=\"uvc-main-heading ult-responsive\"  data-ultimate-target='.uvc-heading.ultimate-heading-968069f613d75f66d h3'  data-responsive-json-new='{\"font-size\":\"desktop:22px;\",\"line-height\":\"desktop:32px;\"}' ><h3 style=\"font-weight:bold;margin-top:16px;margin-bottom:6px;\">PISO TETO<\/h3><\/div><\/div>[vc_column_text]Mais indicado para grandes ambientes, ou locais que tenham fluxo intenso de pessoas, sejam eles residenciais ou comerciais e com p\u00e9 direito (dist\u00e2ncia entre o piso e o teto) muito alto.<\/p>\n<p>Sua capacidade pode variar de 18000 BTUs at\u00e9 80000 BTUs. Pode ser instalado tanto no piso quanto no teto, ficando a decis\u00e3o a cargo do consumidor e, claro, conforme necessidade do projeto.[\/vc_column_text]<div id=\"ultimate-heading-419969f613d75f687\" class=\"uvc-heading ult-adjust-bottom-margin ultimate-heading-419969f613d75f687 uvc-1303 \" data-hspacer=\"no_spacer\"  data-halign=\"left\" style=\"text-align:left\"><div class=\"uvc-heading-spacer no_spacer\" style=\"top\"><\/div><div class=\"uvc-main-heading ult-responsive\"  data-ultimate-target='.uvc-heading.ultimate-heading-419969f613d75f687 h3'  data-responsive-json-new='{\"font-size\":\"desktop:22px;\",\"line-height\":\"desktop:32px;\"}' ><h3 style=\"font-weight:bold;margin-top:16px;margin-bottom:6px;\">SPLIT CASSETE<\/h3><\/div><\/div>[vc_column_text]O split cassete \u00e9 indicado para espa\u00e7os com p\u00e9-direito alto, podendo resultar em um acabamento mais discreto, j\u00e1 que \u00e9 acoplado ao teto e pode ser integrado ao forro, ficando praticamente escondido.[\/vc_column_text]<div id=\"ultimate-heading-744069f613d75f6a1\" class=\"uvc-heading ult-adjust-bottom-margin ultimate-heading-744069f613d75f6a1 uvc-3623 \" data-hspacer=\"no_spacer\"  data-halign=\"left\" style=\"text-align:left\"><div class=\"uvc-heading-spacer no_spacer\" style=\"top\"><\/div><div class=\"uvc-main-heading ult-responsive\"  data-ultimate-target='.uvc-heading.ultimate-heading-744069f613d75f6a1 h3'  data-responsive-json-new='{\"font-size\":\"desktop:22px;\",\"line-height\":\"desktop:32px;\"}' ><h3 style=\"font-weight:bold;margin-top:16px;margin-bottom:6px;\">VRF<\/h3><\/div><\/div>[vc_column_text]O VRF \u00e9 uma tecnologia que funciona com a unidade externa conectada a in\u00fameros aparelhos internos, que atuam individualmente em cada ambiente.<\/p>\n<p>Do ingl\u00eas Variable Refrigerant Flow, a sigla significa fluxo de g\u00e1s refrigerante vari\u00e1vel e tamb\u00e9m \u00e9 chamado de VRV, de Volume de Refrigerante Vari\u00e1vel.<\/p>\n<p>\u00c9 um conceito de equipamentos utilizados para climatizar ambientes com uma unidade condensadora externa que se liga a diversas outras evaporadoras internas.<\/p>\n<p>Os equipamentos s\u00e3o pr\u00e1ticos, silenciosos e mais ecol\u00f3gicos, uma vez que climatizam grande n\u00famero de ambientes com um \u00fanico compressor.<\/p>\n<p>Esses modelos de aparelhos de ar-condicionado t\u00eam sido usados em resid\u00eancias de grande porte, edif\u00edcios residenciais e comerciais, hospitais e hot\u00e9is.<\/p>\n<p>Dentre as vantagens do VRF podemos citar:<\/p>\n<ul>\n<li>opera diversos equipamentos ao mesmo tempo;<\/li>\n<li>tem menor consumo el\u00e9trico;<\/li>\n<li>garantia de conforto t\u00e9rmico;<\/li>\n<li>sistema inteligente para detec\u00e7\u00e3o de falhas que informa sobre anormalidades no funcionamento;<\/li>\n<li>possibilidade de acesso remoto do t\u00e9cnico por meio de automa\u00e7\u00e3o, facilitando a manuten\u00e7\u00e3o;<\/li>\n<li>pode ser instalado em im\u00f3veis j\u00e1 constru\u00eddos sem a necessidade de dutos;<\/li>\n<li>possibilita a instala\u00e7\u00e3o de mais de 60 unidades internas;<\/li>\n<li>economia de espa\u00e7o com unidades externas;<\/li>\n<li>atende longas dist\u00e2ncias com at\u00e9 mil metros de tubula\u00e7\u00e3o;<\/li>\n<li>temperatura controlada individualmente em cada unidade evaporadora.<\/li>\n<\/ul>\n<p>[\/vc_column_text][\/vc_column][\/vc_row]<\/p>\n","protected":false},"excerpt":{"rendered":"<p>[vc_row type=&#8221;vc_default&#8221;][vc_column css=&#8221;.vc_custom_1498229431694{padding-bottom: 50px !important;}&#8221;][vc_column_text]Contamos com uma equipe capacitada e experiente para realizar a instala\u00e7\u00e3o de qualquer modelo de ar condicionado: dos residenciais aos grandes aparelhos industriais.[\/vc_column_text][vc_column_text]Tamb\u00e9m conhecido somente como split, esse aparelho permite a instala\u00e7\u00e3o diretamente na parede, garantindo uma boa distribui\u00e7\u00e3o do ar em conjunto com uma melhor apar\u00eancia. Possuem diversas capacidades de&hellip;<\/p>\n","protected":false},"author":3,"featured_media":0,"parent":7,"menu_order":100,"comment_status":"closed","ping_status":"closed","template":"","meta":{"footnotes":""},"class_list":["post-1865","page","type-page","status-publish","hentry","description-off"],"_links":{"self":[{"href":"https:\/\/borade.biz\/003\/wp-json\/wp\/v2\/pages\/1865","targetHints":{"allow":["GET"]}}],"collection":[{"href":"https:\/\/borade.biz\/003\/wp-json\/wp\/v2\/pages"}],"about":[{"href":"https:\/\/borade.biz\/003\/wp-json\/wp\/v2\/types\/page"}],"author":[{"embeddable":true,"href":"https:\/\/borade.biz\/003\/wp-json\/wp\/v2\/users\/3"}],"replies":[{"embeddable":true,"href":"https:\/\/borade.biz\/003\/wp-json\/wp\/v2\/comments?post=1865"}],"version-history":[{"count":0,"href":"https:\/\/borade.biz\/003\/wp-json\/wp\/v2\/pages\/1865\/revisions"}],"up":[{"embeddable":true,"href":"https:\/\/borade.biz\/003\/wp-json\/wp\/v2\/pages\/7"}],"wp:attachment":[{"href":"https:\/\/borade.biz\/003\/wp-json\/wp\/v2\/media?parent=1865"}],"curies":[{"name":"wp","href":"https:\/\/api.w.org\/{rel}","templated":true}]}}