{"id":13,"date":"2016-01-29T10:14:33","date_gmt":"2016-01-29T10:14:33","guid":{"rendered":"https:\/\/the7.io\/beauty-studio\/?page_id=13"},"modified":"2020-12-29T05:09:25","modified_gmt":"2020-12-29T08:09:25","slug":"contato","status":"publish","type":"page","link":"https:\/\/borade.biz\/003\/contato\/","title":{"rendered":"Contato"},"content":{"rendered":"<p>[vc_row type=&#8221;vc_default&#8221; margin_top=&#8221;0&#8243; margin_bottom=&#8221;-35&#8243; css=&#8221;.vc_custom_1609228098844{margin-top: 70px !important;}&#8221;][vc_column width=&#8221;1\/2&#8243; offset=&#8221;vc_col-lg-6 vc_col-md-7 vc_col-xs-12&#8243; css=&#8221;.vc_custom_1609229105865{padding-bottom: 40px !important;padding-left: 5% !important;}&#8221;]<div id=\"ultimate-heading-454669f6136ad1437\" class=\"uvc-heading ult-adjust-bottom-margin ultimate-heading-454669f6136ad1437 uvc-3125 \" data-hspacer=\"no_spacer\"  data-halign=\"left\" style=\"text-align:left\"><div class=\"uvc-heading-spacer no_spacer\" style=\"top\"><\/div><div class=\"uvc-main-heading ult-responsive\"  data-ultimate-target='.uvc-heading.ultimate-heading-454669f6136ad1437 h2'  data-responsive-json-new='{\"font-size\":\"desktop:26px;\",\"line-height\":\"desktop:32px;\"}' ><h2 style=\"font-weight:bold;margin-bottom:30px;\">Informa\u00e7\u00f5es de Contato<\/h2><\/div><\/div><div class=\"aio-icon-component  vc_custom_1609227956016  accent-icon-bg color-title style_1\"><div id=\"Info-box-wrap-4701\" class=\"aio-icon-box left-icon\" style=\"\"  ><div class=\"aio-icon-left\"><div class=\"ult-just-icon-wrapper  \"><div class=\"align-icon\" style=\"text-align:center;\">\n<div class=\"aio-icon advanced \"  style=\"color:#ffffff;border-style:;border-color:#333333;border-width:1px;width:34px;height:34px;line-height:34px;border-radius:500px;font-size:16px;display:inline-block;\">\n\t<i class=\"icomoon-icomoonfree-16x16-office\"><\/i>\n<\/div><\/div><\/div><\/div><div class=\"aio-ibd-block\"><div class=\"aio-icon-description ult-responsive\"  data-ultimate-target='#Info-box-wrap-4701 .aio-icon-description'  data-responsive-json-new='{\"font-size\":\"desktop:18px;\",\"line-height\":\"desktop:24px;\"}'  style=\"font-family:&#039;Open Sans Condensed&#039;;font-weight:700;\">Avenida Conselheiro Lafaiete, 1500, Barreiro<\/div> <!-- description --><\/div> <!-- aio-ibd-block --><\/div> <!-- aio-icon-box --><\/div> <!-- aio-icon-component -->[vc_separator color=&#8221;custom&#8221; accent_color=&#8221;rgba(255,255,255,0.01)&#8221; css=&#8221;.vc_custom_1609228956239{padding-bottom: 10px !important;}&#8221;]<div class=\"aio-icon-component  vc_custom_1609227806708  accent-icon-bg color-title style_1\"><div id=\"Info-box-wrap-1078\" class=\"aio-icon-box left-icon\" style=\"\"  ><div class=\"aio-icon-left\"><div class=\"ult-just-icon-wrapper  \"><div class=\"align-icon\" style=\"text-align:center;\">\n<div class=\"aio-icon advanced \"  style=\"color:#ffffff;border-style:;border-color:#333333;border-width:1px;width:34px;height:34px;line-height:34px;border-radius:500px;font-size:16px;display:inline-block;\">\n\t<i class=\"Defaults-envelope-o\"><\/i>\n<\/div><\/div><\/div><\/div><div class=\"aio-ibd-block\"><div class=\"aio-icon-description ult-responsive\"  data-ultimate-target='#Info-box-wrap-1078 .aio-icon-description'  data-responsive-json-new='{\"font-size\":\"desktop:18px;\",\"line-height\":\"desktop:24px;\"}'  style=\"font-family:&#039;Open Sans Condensed&#039;;font-weight:700;\"><a href=\"mailto:contato@agenciasete.com\">contato@agenciasete.com<\/a><\/div> <!-- description --><\/div> <!-- aio-ibd-block --><\/div> <!-- aio-icon-box --><\/div> <!-- aio-icon-component -->[vc_separator color=&#8221;custom&#8221; accent_color=&#8221;rgba(255,255,255,0.01)&#8221; css=&#8221;.vc_custom_1609228949407{padding-bottom: 10px !important;}&#8221;]<div class=\"aio-icon-component  vc_custom_1609227749337  accent-icon-bg color-title style_1\"><div id=\"Info-box-wrap-7878\" class=\"aio-icon-box left-icon\" style=\"\"  ><div class=\"aio-icon-left\"><div class=\"ult-just-icon-wrapper  \"><div class=\"align-icon\" style=\"text-align:center;\">\n<div class=\"aio-icon advanced \"  style=\"color:#ffffff;border-style:;border-color:#333333;border-width:1px;width:34px;height:34px;line-height:34px;border-radius:500px;font-size:16px;display:inline-block;\">\n\t<i class=\"icomoon-icomoonfree-16x16-phone\"><\/i>\n<\/div><\/div><\/div><\/div><div class=\"aio-ibd-block\"><div class=\"aio-icon-description ult-responsive\"  data-ultimate-target='#Info-box-wrap-7878 .aio-icon-description'  data-responsive-json-new='{\"font-size\":\"desktop:18px;\",\"line-height\":\"desktop:24px;\"}'  style=\"font-family:&#039;Open Sans Condensed&#039;;font-weight:700;\"><a href=\"tel:5531993846966\">(31)99384-6966<\/a><\/div> <!-- description --><\/div> <!-- aio-ibd-block --><\/div> <!-- aio-icon-box --><\/div> <!-- aio-icon-component -->[vc_separator color=&#8221;custom&#8221; accent_color=&#8221;rgba(255,255,255,0.01)&#8221; css=&#8221;.vc_custom_1609228949407{padding-bottom: 10px !important;}&#8221;][vc_row_inner][vc_column_inner][vc_column_text css=&#8221;.vc_custom_1609228989372{padding-bottom: 30px !important;}&#8221;]Utilize as informa\u00e7\u00f5es acima para falar conosco, ou, se preferir, fa\u00e7a-nos uma visita. Estamos sempre \u00e0 sua disposi\u00e7\u00e3o![\/vc_column_text][\/vc_column_inner][\/vc_row_inner][\/vc_column][vc_column width=&#8221;1\/2&#8243; offset=&#8221;vc_col-lg-6 vc_col-md-5 vc_col-xs-12&#8243; css=&#8221;.vc_custom_1498572768127{padding-bottom: 50px !important;}&#8221;][vc_single_image image=&#8221;1992&#8243; img_size=&#8221;full&#8221; alignment=&#8221;center&#8221;][\/vc_column][\/vc_row][vc_row margin_top=&#8221;0&#8243; margin_bottom=&#8221;-50px&#8221; full_width_row=&#8221;true&#8221; padding_left=&#8221;0&#8243; padding_right=&#8221;0&#8243; css=&#8221;.vc_custom_1609228228675{margin-bottom: 0px !important;}&#8221;][vc_column css=&#8221;.vc_custom_1609228146404{margin-bottom: 0px !important;border-bottom-width: 0px !important;padding-bottom: 0px !important;}&#8221;]<div id='wrap_map_69f6136ad15c7' class='ultimate-map-wrapper ult-adjust-bottom-margin ' style=' height:300px;'><div id='map_69f6136ad15c7' data-map_override='0' class='ultimate_google_map wpb_content_element ' style='width:100%;height:300px;'><\/div><\/div><script type='text\/javascript'>\n\t\t\t(function($) {\n  \t\t\t'use strict';\n\t\t\tvar map_map_69f6136ad15c7 = null;\n\t\t\tvar coordinate_map_69f6136ad15c7;\n\t\t\tvar isDraggable = $(document).width() > 641 ? true : true;\n\t\t\ttry\n\t\t\t{\n\t\t\t\tvar map_map_69f6136ad15c7 = null;\n\t\t\t\tvar coordinate_map_69f6136ad15c7;\n\t\t\t\tcoordinate_map_69f6136ad15c7=new google.maps.LatLng(-19.9776401, -44.0281936);\n\t\t\t\tvar mapOptions=\n\t\t\t\t{\n\t\t\t\t\tzoom: 13,\n\t\t\t\t\tcenter: coordinate_map_69f6136ad15c7,\n\t\t\t\t\tscaleControl: true,\n\t\t\t\t\tstreetViewControl: false,\n\t\t\t\t\tmapTypeControl: false,\n\t\t\t\t\tpanControl: false,\n\t\t\t\t\tzoomControl: false,\n\t\t\t\t\tscrollwheel: true,\n\t\t\t\t\tdraggable: isDraggable,\n\t\t\t\t\tzoomControlOptions: {\n\t\t\t\t\t\tposition: google.maps.ControlPosition.RIGHT_BOTTOM\n\t\t\t\t\t},mapTypeId: google.maps.MapTypeId.ROADMAP,};var map_map_69f6136ad15c7 = new google.maps.Map(document.getElementById('map_69f6136ad15c7'),mapOptions);\n\t\t\t\t\t\tvar x = 'infowindow_open_value';\n\t\t\t\t\t\tvar marker_map_69f6136ad15c7 = new google.maps.Marker({\n\t\t\t\t\t\tposition: new google.maps.LatLng(-19.9776401, -44.0281936),\n\t\t\t\t\t\tanimation:  google.maps.Animation.DROP,\n\t\t\t\t\t\tmap: map_map_69f6136ad15c7,\n\t\t\t\t\t\ticon: ''\n\t\t\t\t\t});\tgoogle.maps.event.addListener(marker_map_69f6136ad15c7, 'click', toggleBounce);var infowindow = new google.maps.InfoWindow();\n\t\t\t\t\t\t\tinfowindow.setContent('<div class=\"map_info_text\" style=\\'color:#000;\\'>Venha nos visitar!<\/p> <p><\/div>');google.maps.event.addListener(marker_map_69f6136ad15c7, 'click', function() {\n\t\t\t\t\t\t\t\tinfowindow.open(map_map_69f6136ad15c7,marker_map_69f6136ad15c7);\n\t\t\t\t\t\t  \t});}\n\t\t\tcatch(e){};\n\t\t\tjQuery(document).ready(function($){\n\t\t\t\tgoogle.maps.event.trigger(map_map_69f6136ad15c7, 'resize');\n\t\t\t\t$(window).resize(function(){\n\t\t\t\t\tgoogle.maps.event.trigger(map_map_69f6136ad15c7, 'resize');\n\t\t\t\t\tif(map_map_69f6136ad15c7!=null)\n\t\t\t\t\t\tmap_map_69f6136ad15c7.setCenter(coordinate_map_69f6136ad15c7);\n\t\t\t\t});\n\t\t\t\t$('.ui-tabs').bind('tabsactivate', function(event, ui) {\n\t\t\t\t   if($(this).find('.ultimate-map-wrapper').length > 0)\n\t\t\t\t\t{\n\t\t\t\t\t\tsetTimeout(function(){\n\t\t\t\t\t\t\t$(window).trigger('resize');\n\t\t\t\t\t\t},200);\n\t\t\t\t\t}\n\t\t\t\t});\n\t\t\t\t$('.ui-accordion').bind('accordionactivate', function(event, ui) {\n\t\t\t\t   if($(this).find('.ultimate-map-wrapper').length > 0)\n\t\t\t\t\t{\n\t\t\t\t\t\tsetTimeout(function(){\n\t\t\t\t\t\t\t$(window).trigger('resize');\n\t\t\t\t\t\t},200);\n\t\t\t\t\t}\n\t\t\t\t});\n\t\t\t\t$(window).on('load',function(){\n\t\t\t\t\tsetTimeout(function(){\n\t\t\t\t\t\t$(window).trigger('resize');\n\t\t\t\t\t},200);\n\t\t\t\t});\n\t\t\t\t$('.ult_exp_section').select(function(){\n\t\t\t\t\tif($(map_map_69f6136ad15c7).parents('.ult_exp_section'))\n\t\t\t\t\t{\n\t\t\t\t\t\tsetTimeout(function(){\n\t\t\t\t\t\t\t$(window).trigger('resize');\n\t\t\t\t\t\t},200);\n\t\t\t\t\t}\n\t\t\t\t});\n\t\t\t\t$(document).on('onUVCModalPopupOpen', function(){\n\t\t\t\t\tif($(map_map_69f6136ad15c7).parents('.ult_modal-content'))\n\t\t\t\t\t{\n\t\t\t\t\t\tsetTimeout(function(){\n\t\t\t\t\t\t\t$(window).trigger('resize');\n\t\t\t\t\t\t},200);\n\t\t\t\t\t}\n\t\t\t\t});\n\t\t\t\t$(document).on('click','.ult_tab_li',function(){\n\t\t\t\t\t$(window).trigger('resize');\n\t\t\t\t\tsetTimeout(function(){\n\t\t\t\t\t\t$(window).trigger('resize');\n\t\t\t\t\t},200);\n\t\t\t\t});\n\t\t\t});\n\t\t\tfunction toggleBounce() {\n\t\t\t  if (marker_map_69f6136ad15c7.getAnimation() != null) {\n\t\t\t\tmarker_map_69f6136ad15c7.setAnimation(null);\n\t\t\t  } else {\n\t\t\t\tmarker_map_69f6136ad15c7.setAnimation(google.maps.Animation.BOUNCE);\n\t\t\t  }\n\t\t\t}\n\t\t\t})(jQuery);\n\t\t\t<\/script>[\/vc_column][\/vc_row]<\/p>\n","protected":false},"excerpt":{"rendered":"<p>[vc_row type=&#8221;vc_default&#8221; margin_top=&#8221;0&#8243; margin_bottom=&#8221;-35&#8243; css=&#8221;.vc_custom_1609228098844{margin-top: 70px !important;}&#8221;][vc_column width=&#8221;1\/2&#8243; offset=&#8221;vc_col-lg-6 vc_col-md-7 vc_col-xs-12&#8243; css=&#8221;.vc_custom_1609229105865{padding-bottom: 40px !important;padding-left: 5% !important;}&#8221;][vc_separator color=&#8221;custom&#8221; accent_color=&#8221;rgba(255,255,255,0.01)&#8221; css=&#8221;.vc_custom_1609228956239{padding-bottom: 10px !important;}&#8221;][vc_separator color=&#8221;custom&#8221; accent_color=&#8221;rgba(255,255,255,0.01)&#8221; css=&#8221;.vc_custom_1609228949407{padding-bottom: 10px !important;}&#8221;][vc_separator color=&#8221;custom&#8221; accent_color=&#8221;rgba(255,255,255,0.01)&#8221; css=&#8221;.vc_custom_1609228949407{padding-bottom: 10px !important;}&#8221;][vc_row_inner][vc_column_inner][vc_column_text css=&#8221;.vc_custom_1609228989372{padding-bottom: 30px !important;}&#8221;]Utilize as informa\u00e7\u00f5es acima para falar conosco, ou, se preferir, fa\u00e7a-nos uma visita. Estamos sempre \u00e0 sua disposi\u00e7\u00e3o![\/vc_column_text][\/vc_column_inner][\/vc_row_inner][\/vc_column][vc_column width=&#8221;1\/2&#8243; offset=&#8221;vc_col-lg-6 vc_col-md-5 vc_col-xs-12&#8243;&hellip;<\/p>\n","protected":false},"author":3,"featured_media":0,"parent":0,"menu_order":600,"comment_status":"closed","ping_status":"closed","template":"","meta":{"footnotes":""},"class_list":["post-13","page","type-page","status-publish","hentry","description-off"],"_links":{"self":[{"href":"https:\/\/borade.biz\/003\/wp-json\/wp\/v2\/pages\/13","targetHints":{"allow":["GET"]}}],"collection":[{"href":"https:\/\/borade.biz\/003\/wp-json\/wp\/v2\/pages"}],"about":[{"href":"https:\/\/borade.biz\/003\/wp-json\/wp\/v2\/types\/page"}],"author":[{"embeddable":true,"href":"https:\/\/borade.biz\/003\/wp-json\/wp\/v2\/users\/3"}],"replies":[{"embeddable":true,"href":"https:\/\/borade.biz\/003\/wp-json\/wp\/v2\/comments?post=13"}],"version-history":[{"count":0,"href":"https:\/\/borade.biz\/003\/wp-json\/wp\/v2\/pages\/13\/revisions"}],"wp:attachment":[{"href":"https:\/\/borade.biz\/003\/wp-json\/wp\/v2\/media?parent=13"}],"curies":[{"name":"wp","href":"https:\/\/api.w.org\/{rel}","templated":true}]}}